
{"id":491,"date":"2020-02-17T12:40:17","date_gmt":"2020-02-17T10:40:17","guid":{"rendered":"https:\/\/www.urban-stiftung.de\/skt\/?page_id=491"},"modified":"2020-02-17T13:12:16","modified_gmt":"2020-02-17T11:12:16","slug":"die-mattisburg-in-halle-saale-ist-eroeffnet","status":"publish","type":"page","link":"https:\/\/www.urban-stiftung.de\/?page_id=491","title":{"rendered":"Mattisburg Halle (Saale)"},"content":{"rendered":"\n<h2 class=\"wp-block-heading\">Die Mattisburg in Halle (Saale) ist er\u00f6ffnet<\/h2>\n\n\n\n<p>Die Mattisburg in Halle (Saale) ist in Rekordbauzeit fertig gestellt worden. Am 24. Januar 2020 wurde das Schutzhaus gemeinsam mit der <a href=\"http:\/\/epfk.org\">Stiftung &#8222;Ein Platz f\u00fcr Kinder&#8220;<\/a>, dem Regionalverband Halle (Saale) e.V. als Tr\u00e4ger im Rahmen eines Festaktes \u00fcbergeben. Das erste Kind wird bereits Mitte Februar einziehen. Im Rahmen einer offiziellen<\/p>\n\n\n\n<h3 class=\"wp-block-heading\">Bildergalerie<\/h3>\n\n\n\n<p>Klicken Sie auf ein Bild, um es zu vergr\u00f6\u00dfern:<\/p>\n\n\n\n<p>(Fotos by Ricarda Braun)<\/p>\n\n\n\n<figure class=\"wp-block-gallery columns-3 is-cropped wp-block-gallery-1 is-layout-flex wp-block-gallery-is-layout-flex\"><ul class=\"blocks-gallery-grid\"><li class=\"blocks-gallery-item\"><figure><img loading=\"lazy\" decoding=\"async\" width=\"1024\" height=\"683\" src=\"https:\/\/www.urban-stiftung.de\/wp-content\/uploads\/2020\/02\/2020_01_24_halle_eroeffnung_ricardabraun_002-1024x683.jpg\" alt=\"\" data-id=\"440\" data-full-url=\"https:\/\/www.urban-stiftung.de\/wp-content\/uploads\/2020\/02\/2020_01_24_halle_eroeffnung_ricardabraun_002-scaled.jpg\" data-link=\"https:\/\/www.urban-stiftung.de\/?attachment_id=440\" class=\"wp-image-440\" srcset=\"https:\/\/www.urban-stiftung.de\/wp-content\/uploads\/2020\/02\/2020_01_24_halle_eroeffnung_ricardabraun_002-1024x683.jpg 1024w, https:\/\/www.urban-stiftung.de\/wp-content\/uploads\/2020\/02\/2020_01_24_halle_eroeffnung_ricardabraun_002-620x413.jpg 620w, https:\/\/www.urban-stiftung.de\/wp-content\/uploads\/2020\/02\/2020_01_24_halle_eroeffnung_ricardabraun_002-768x512.jpg 768w, https:\/\/www.urban-stiftung.de\/wp-content\/uploads\/2020\/02\/2020_01_24_halle_eroeffnung_ricardabraun_002-1536x1024.jpg 1536w, https:\/\/www.urban-stiftung.de\/wp-content\/uploads\/2020\/02\/2020_01_24_halle_eroeffnung_ricardabraun_002-2048x1365.jpg 2048w\" sizes=\"auto, (max-width: 1024px) 100vw, 1024px\" \/><\/figure><\/li><li class=\"blocks-gallery-item\"><figure><img loading=\"lazy\" decoding=\"async\" width=\"1024\" height=\"683\" src=\"https:\/\/www.urban-stiftung.de\/wp-content\/uploads\/2020\/02\/2020_01_24_halle_eroeffnung_ricardabraun_147-1024x683.jpg\" alt=\"\" data-id=\"452\" data-full-url=\"https:\/\/www.urban-stiftung.de\/wp-content\/uploads\/2020\/02\/2020_01_24_halle_eroeffnung_ricardabraun_147-scaled.jpg\" data-link=\"https:\/\/www.urban-stiftung.de\/?attachment_id=452\" class=\"wp-image-452\" srcset=\"https:\/\/www.urban-stiftung.de\/wp-content\/uploads\/2020\/02\/2020_01_24_halle_eroeffnung_ricardabraun_147-1024x683.jpg 1024w, https:\/\/www.urban-stiftung.de\/wp-content\/uploads\/2020\/02\/2020_01_24_halle_eroeffnung_ricardabraun_147-620x413.jpg 620w, https:\/\/www.urban-stiftung.de\/wp-content\/uploads\/2020\/02\/2020_01_24_halle_eroeffnung_ricardabraun_147-768x512.jpg 768w, https:\/\/www.urban-stiftung.de\/wp-content\/uploads\/2020\/02\/2020_01_24_halle_eroeffnung_ricardabraun_147-1536x1024.jpg 1536w, https:\/\/www.urban-stiftung.de\/wp-content\/uploads\/2020\/02\/2020_01_24_halle_eroeffnung_ricardabraun_147-2048x1365.jpg 2048w\" sizes=\"auto, (max-width: 1024px) 100vw, 1024px\" \/><\/figure><\/li><li class=\"blocks-gallery-item\"><figure><img loading=\"lazy\" decoding=\"async\" width=\"1024\" height=\"683\" src=\"https:\/\/www.urban-stiftung.de\/wp-content\/uploads\/2020\/02\/2020_01_24_halle_eroeffnung_ricardabraun_035-1024x683.jpg\" alt=\"\" data-id=\"445\" data-full-url=\"https:\/\/www.urban-stiftung.de\/wp-content\/uploads\/2020\/02\/2020_01_24_halle_eroeffnung_ricardabraun_035-scaled.jpg\" data-link=\"https:\/\/www.urban-stiftung.de\/?attachment_id=445\" class=\"wp-image-445\" srcset=\"https:\/\/www.urban-stiftung.de\/wp-content\/uploads\/2020\/02\/2020_01_24_halle_eroeffnung_ricardabraun_035-1024x683.jpg 1024w, https:\/\/www.urban-stiftung.de\/wp-content\/uploads\/2020\/02\/2020_01_24_halle_eroeffnung_ricardabraun_035-620x413.jpg 620w, https:\/\/www.urban-stiftung.de\/wp-content\/uploads\/2020\/02\/2020_01_24_halle_eroeffnung_ricardabraun_035-768x512.jpg 768w, https:\/\/www.urban-stiftung.de\/wp-content\/uploads\/2020\/02\/2020_01_24_halle_eroeffnung_ricardabraun_035-1536x1024.jpg 1536w, https:\/\/www.urban-stiftung.de\/wp-content\/uploads\/2020\/02\/2020_01_24_halle_eroeffnung_ricardabraun_035-2048x1365.jpg 2048w\" sizes=\"auto, (max-width: 1024px) 100vw, 1024px\" \/><\/figure><\/li><li class=\"blocks-gallery-item\"><figure><img loading=\"lazy\" decoding=\"async\" width=\"1024\" height=\"683\" src=\"https:\/\/www.urban-stiftung.de\/wp-content\/uploads\/2020\/02\/2020_01_24_halle_eroeffnung_ricardabraun_040-1024x683.jpg\" alt=\"\" data-id=\"446\" data-full-url=\"https:\/\/www.urban-stiftung.de\/wp-content\/uploads\/2020\/02\/2020_01_24_halle_eroeffnung_ricardabraun_040-scaled.jpg\" data-link=\"https:\/\/www.urban-stiftung.de\/?attachment_id=446\" class=\"wp-image-446\" srcset=\"https:\/\/www.urban-stiftung.de\/wp-content\/uploads\/2020\/02\/2020_01_24_halle_eroeffnung_ricardabraun_040-1024x683.jpg 1024w, https:\/\/www.urban-stiftung.de\/wp-content\/uploads\/2020\/02\/2020_01_24_halle_eroeffnung_ricardabraun_040-620x413.jpg 620w, https:\/\/www.urban-stiftung.de\/wp-content\/uploads\/2020\/02\/2020_01_24_halle_eroeffnung_ricardabraun_040-768x512.jpg 768w, https:\/\/www.urban-stiftung.de\/wp-content\/uploads\/2020\/02\/2020_01_24_halle_eroeffnung_ricardabraun_040-1536x1024.jpg 1536w, https:\/\/www.urban-stiftung.de\/wp-content\/uploads\/2020\/02\/2020_01_24_halle_eroeffnung_ricardabraun_040-2048x1365.jpg 2048w\" sizes=\"auto, (max-width: 1024px) 100vw, 1024px\" \/><\/figure><\/li><li class=\"blocks-gallery-item\"><figure><img loading=\"lazy\" decoding=\"async\" width=\"1024\" height=\"683\" src=\"https:\/\/www.urban-stiftung.de\/wp-content\/uploads\/2020\/02\/2020_01_24_halle_eroeffnung_ricardabraun_043-1024x683.jpg\" alt=\"\" data-id=\"447\" data-full-url=\"https:\/\/www.urban-stiftung.de\/wp-content\/uploads\/2020\/02\/2020_01_24_halle_eroeffnung_ricardabraun_043-scaled.jpg\" data-link=\"https:\/\/www.urban-stiftung.de\/?attachment_id=447\" class=\"wp-image-447\" srcset=\"https:\/\/www.urban-stiftung.de\/wp-content\/uploads\/2020\/02\/2020_01_24_halle_eroeffnung_ricardabraun_043-1024x683.jpg 1024w, https:\/\/www.urban-stiftung.de\/wp-content\/uploads\/2020\/02\/2020_01_24_halle_eroeffnung_ricardabraun_043-620x413.jpg 620w, https:\/\/www.urban-stiftung.de\/wp-content\/uploads\/2020\/02\/2020_01_24_halle_eroeffnung_ricardabraun_043-768x512.jpg 768w, https:\/\/www.urban-stiftung.de\/wp-content\/uploads\/2020\/02\/2020_01_24_halle_eroeffnung_ricardabraun_043-1536x1024.jpg 1536w, https:\/\/www.urban-stiftung.de\/wp-content\/uploads\/2020\/02\/2020_01_24_halle_eroeffnung_ricardabraun_043-2048x1365.jpg 2048w\" sizes=\"auto, (max-width: 1024px) 100vw, 1024px\" \/><\/figure><\/li><li class=\"blocks-gallery-item\"><figure><img loading=\"lazy\" decoding=\"async\" width=\"1024\" height=\"683\" src=\"https:\/\/www.urban-stiftung.de\/wp-content\/uploads\/2020\/02\/2020_01_24_halle_eroeffnung_ricardabraun_003-1024x683.jpg\" alt=\"\" data-id=\"441\" data-full-url=\"https:\/\/www.urban-stiftung.de\/wp-content\/uploads\/2020\/02\/2020_01_24_halle_eroeffnung_ricardabraun_003-scaled.jpg\" data-link=\"https:\/\/www.urban-stiftung.de\/?attachment_id=441\" class=\"wp-image-441\" srcset=\"https:\/\/www.urban-stiftung.de\/wp-content\/uploads\/2020\/02\/2020_01_24_halle_eroeffnung_ricardabraun_003-1024x683.jpg 1024w, https:\/\/www.urban-stiftung.de\/wp-content\/uploads\/2020\/02\/2020_01_24_halle_eroeffnung_ricardabraun_003-620x413.jpg 620w, https:\/\/www.urban-stiftung.de\/wp-content\/uploads\/2020\/02\/2020_01_24_halle_eroeffnung_ricardabraun_003-768x512.jpg 768w, https:\/\/www.urban-stiftung.de\/wp-content\/uploads\/2020\/02\/2020_01_24_halle_eroeffnung_ricardabraun_003-1536x1024.jpg 1536w, https:\/\/www.urban-stiftung.de\/wp-content\/uploads\/2020\/02\/2020_01_24_halle_eroeffnung_ricardabraun_003-2048x1365.jpg 2048w\" sizes=\"auto, (max-width: 1024px) 100vw, 1024px\" \/><\/figure><\/li><li class=\"blocks-gallery-item\"><figure><img loading=\"lazy\" decoding=\"async\" width=\"1024\" height=\"683\" src=\"https:\/\/www.urban-stiftung.de\/wp-content\/uploads\/2020\/02\/2020_01_24_halle_eroeffnung_ricardabraun_025-1024x683.jpg\" alt=\"\" data-id=\"444\" data-full-url=\"https:\/\/www.urban-stiftung.de\/wp-content\/uploads\/2020\/02\/2020_01_24_halle_eroeffnung_ricardabraun_025-scaled.jpg\" data-link=\"https:\/\/www.urban-stiftung.de\/?attachment_id=444\" class=\"wp-image-444\" srcset=\"https:\/\/www.urban-stiftung.de\/wp-content\/uploads\/2020\/02\/2020_01_24_halle_eroeffnung_ricardabraun_025-1024x683.jpg 1024w, https:\/\/www.urban-stiftung.de\/wp-content\/uploads\/2020\/02\/2020_01_24_halle_eroeffnung_ricardabraun_025-620x413.jpg 620w, https:\/\/www.urban-stiftung.de\/wp-content\/uploads\/2020\/02\/2020_01_24_halle_eroeffnung_ricardabraun_025-768x512.jpg 768w, https:\/\/www.urban-stiftung.de\/wp-content\/uploads\/2020\/02\/2020_01_24_halle_eroeffnung_ricardabraun_025-1536x1024.jpg 1536w, https:\/\/www.urban-stiftung.de\/wp-content\/uploads\/2020\/02\/2020_01_24_halle_eroeffnung_ricardabraun_025-2048x1365.jpg 2048w\" sizes=\"auto, (max-width: 1024px) 100vw, 1024px\" \/><\/figure><\/li><li class=\"blocks-gallery-item\"><figure><img loading=\"lazy\" decoding=\"async\" width=\"1024\" height=\"683\" src=\"https:\/\/www.urban-stiftung.de\/wp-content\/uploads\/2020\/02\/2020_01_24_halle_eroeffnung_ricardabraun_016-1024x683.jpg\" alt=\"\" data-id=\"442\" data-full-url=\"https:\/\/www.urban-stiftung.de\/wp-content\/uploads\/2020\/02\/2020_01_24_halle_eroeffnung_ricardabraun_016-scaled.jpg\" data-link=\"https:\/\/www.urban-stiftung.de\/?attachment_id=442\" class=\"wp-image-442\" srcset=\"https:\/\/www.urban-stiftung.de\/wp-content\/uploads\/2020\/02\/2020_01_24_halle_eroeffnung_ricardabraun_016-1024x683.jpg 1024w, https:\/\/www.urban-stiftung.de\/wp-content\/uploads\/2020\/02\/2020_01_24_halle_eroeffnung_ricardabraun_016-620x413.jpg 620w, https:\/\/www.urban-stiftung.de\/wp-content\/uploads\/2020\/02\/2020_01_24_halle_eroeffnung_ricardabraun_016-768x512.jpg 768w, https:\/\/www.urban-stiftung.de\/wp-content\/uploads\/2020\/02\/2020_01_24_halle_eroeffnung_ricardabraun_016-1536x1024.jpg 1536w, https:\/\/www.urban-stiftung.de\/wp-content\/uploads\/2020\/02\/2020_01_24_halle_eroeffnung_ricardabraun_016-2048x1365.jpg 2048w\" sizes=\"auto, (max-width: 1024px) 100vw, 1024px\" \/><\/figure><\/li><li class=\"blocks-gallery-item\"><figure><img loading=\"lazy\" decoding=\"async\" width=\"1024\" height=\"683\" src=\"https:\/\/www.urban-stiftung.de\/wp-content\/uploads\/2020\/02\/2020_01_24_halle_eroeffnung_ricardabraun_022-1024x683.jpg\" alt=\"\" data-id=\"443\" data-full-url=\"https:\/\/www.urban-stiftung.de\/wp-content\/uploads\/2020\/02\/2020_01_24_halle_eroeffnung_ricardabraun_022-scaled.jpg\" data-link=\"https:\/\/www.urban-stiftung.de\/?attachment_id=443\" class=\"wp-image-443\" srcset=\"https:\/\/www.urban-stiftung.de\/wp-content\/uploads\/2020\/02\/2020_01_24_halle_eroeffnung_ricardabraun_022-1024x683.jpg 1024w, https:\/\/www.urban-stiftung.de\/wp-content\/uploads\/2020\/02\/2020_01_24_halle_eroeffnung_ricardabraun_022-620x413.jpg 620w, https:\/\/www.urban-stiftung.de\/wp-content\/uploads\/2020\/02\/2020_01_24_halle_eroeffnung_ricardabraun_022-768x512.jpg 768w, https:\/\/www.urban-stiftung.de\/wp-content\/uploads\/2020\/02\/2020_01_24_halle_eroeffnung_ricardabraun_022-1536x1024.jpg 1536w, https:\/\/www.urban-stiftung.de\/wp-content\/uploads\/2020\/02\/2020_01_24_halle_eroeffnung_ricardabraun_022-2048x1365.jpg 2048w\" sizes=\"auto, (max-width: 1024px) 100vw, 1024px\" \/><\/figure><\/li><li class=\"blocks-gallery-item\"><figure><img loading=\"lazy\" decoding=\"async\" width=\"1024\" height=\"683\" src=\"https:\/\/www.urban-stiftung.de\/wp-content\/uploads\/2020\/02\/2020_01_24_halle_eroeffnung_ricardabraun_086-1024x683.jpg\" alt=\"\" data-id=\"449\" data-full-url=\"https:\/\/www.urban-stiftung.de\/wp-content\/uploads\/2020\/02\/2020_01_24_halle_eroeffnung_ricardabraun_086-scaled.jpg\" data-link=\"https:\/\/www.urban-stiftung.de\/?attachment_id=449\" class=\"wp-image-449\" srcset=\"https:\/\/www.urban-stiftung.de\/wp-content\/uploads\/2020\/02\/2020_01_24_halle_eroeffnung_ricardabraun_086-1024x683.jpg 1024w, https:\/\/www.urban-stiftung.de\/wp-content\/uploads\/2020\/02\/2020_01_24_halle_eroeffnung_ricardabraun_086-620x413.jpg 620w, https:\/\/www.urban-stiftung.de\/wp-content\/uploads\/2020\/02\/2020_01_24_halle_eroeffnung_ricardabraun_086-768x512.jpg 768w, https:\/\/www.urban-stiftung.de\/wp-content\/uploads\/2020\/02\/2020_01_24_halle_eroeffnung_ricardabraun_086-1536x1024.jpg 1536w, https:\/\/www.urban-stiftung.de\/wp-content\/uploads\/2020\/02\/2020_01_24_halle_eroeffnung_ricardabraun_086-2048x1365.jpg 2048w\" sizes=\"auto, (max-width: 1024px) 100vw, 1024px\" \/><\/figure><\/li><li class=\"blocks-gallery-item\"><figure><img loading=\"lazy\" decoding=\"async\" width=\"1024\" height=\"683\" src=\"https:\/\/www.urban-stiftung.de\/wp-content\/uploads\/2020\/02\/2020_01_24_halle_eroeffnung_ricardabraun_119-1024x683.jpg\" alt=\"\" data-id=\"451\" data-full-url=\"https:\/\/www.urban-stiftung.de\/wp-content\/uploads\/2020\/02\/2020_01_24_halle_eroeffnung_ricardabraun_119-scaled.jpg\" data-link=\"https:\/\/www.urban-stiftung.de\/?attachment_id=451\" class=\"wp-image-451\" srcset=\"https:\/\/www.urban-stiftung.de\/wp-content\/uploads\/2020\/02\/2020_01_24_halle_eroeffnung_ricardabraun_119-1024x683.jpg 1024w, https:\/\/www.urban-stiftung.de\/wp-content\/uploads\/2020\/02\/2020_01_24_halle_eroeffnung_ricardabraun_119-620x413.jpg 620w, https:\/\/www.urban-stiftung.de\/wp-content\/uploads\/2020\/02\/2020_01_24_halle_eroeffnung_ricardabraun_119-768x512.jpg 768w, https:\/\/www.urban-stiftung.de\/wp-content\/uploads\/2020\/02\/2020_01_24_halle_eroeffnung_ricardabraun_119-1536x1024.jpg 1536w, https:\/\/www.urban-stiftung.de\/wp-content\/uploads\/2020\/02\/2020_01_24_halle_eroeffnung_ricardabraun_119-2048x1365.jpg 2048w\" sizes=\"auto, (max-width: 1024px) 100vw, 1024px\" \/><\/figure><\/li><li class=\"blocks-gallery-item\"><figure><img loading=\"lazy\" decoding=\"async\" width=\"1024\" height=\"768\" src=\"https:\/\/www.urban-stiftung.de\/wp-content\/uploads\/2020\/02\/2020_01_24_halle_eroeffnung_bw_2103-1024x768.jpg\" alt=\"\" data-id=\"439\" data-full-url=\"https:\/\/www.urban-stiftung.de\/wp-content\/uploads\/2020\/02\/2020_01_24_halle_eroeffnung_bw_2103-scaled.jpg\" data-link=\"https:\/\/www.urban-stiftung.de\/?attachment_id=439\" class=\"wp-image-439\" srcset=\"https:\/\/www.urban-stiftung.de\/wp-content\/uploads\/2020\/02\/2020_01_24_halle_eroeffnung_bw_2103-1024x768.jpg 1024w, https:\/\/www.urban-stiftung.de\/wp-content\/uploads\/2020\/02\/2020_01_24_halle_eroeffnung_bw_2103-620x465.jpg 620w, https:\/\/www.urban-stiftung.de\/wp-content\/uploads\/2020\/02\/2020_01_24_halle_eroeffnung_bw_2103-768x576.jpg 768w, https:\/\/www.urban-stiftung.de\/wp-content\/uploads\/2020\/02\/2020_01_24_halle_eroeffnung_bw_2103-1536x1152.jpg 1536w, https:\/\/www.urban-stiftung.de\/wp-content\/uploads\/2020\/02\/2020_01_24_halle_eroeffnung_bw_2103-2048x1536.jpg 2048w\" sizes=\"auto, (max-width: 1024px) 100vw, 1024px\" \/><\/figure><\/li><li class=\"blocks-gallery-item\"><figure><img loading=\"lazy\" decoding=\"async\" width=\"1024\" height=\"683\" src=\"https:\/\/www.urban-stiftung.de\/wp-content\/uploads\/2020\/02\/2020_01_24_halle_eroeffnung_ricardabraun_115-1024x683.jpg\" alt=\"\" data-id=\"450\" data-full-url=\"https:\/\/www.urban-stiftung.de\/wp-content\/uploads\/2020\/02\/2020_01_24_halle_eroeffnung_ricardabraun_115-scaled.jpg\" data-link=\"https:\/\/www.urban-stiftung.de\/?attachment_id=450\" class=\"wp-image-450\" srcset=\"https:\/\/www.urban-stiftung.de\/wp-content\/uploads\/2020\/02\/2020_01_24_halle_eroeffnung_ricardabraun_115-1024x683.jpg 1024w, https:\/\/www.urban-stiftung.de\/wp-content\/uploads\/2020\/02\/2020_01_24_halle_eroeffnung_ricardabraun_115-620x413.jpg 620w, https:\/\/www.urban-stiftung.de\/wp-content\/uploads\/2020\/02\/2020_01_24_halle_eroeffnung_ricardabraun_115-768x512.jpg 768w, https:\/\/www.urban-stiftung.de\/wp-content\/uploads\/2020\/02\/2020_01_24_halle_eroeffnung_ricardabraun_115-1536x1024.jpg 1536w, https:\/\/www.urban-stiftung.de\/wp-content\/uploads\/2020\/02\/2020_01_24_halle_eroeffnung_ricardabraun_115-2048x1365.jpg 2048w\" sizes=\"auto, (max-width: 1024px) 100vw, 1024px\" \/><\/figure><\/li><li class=\"blocks-gallery-item\"><figure><img loading=\"lazy\" decoding=\"async\" width=\"1024\" height=\"683\" src=\"https:\/\/www.urban-stiftung.de\/wp-content\/uploads\/2020\/02\/2020_01_24_halle_eroeffnung_ricardabraun_253-1024x683.jpg\" alt=\"\" data-id=\"453\" data-full-url=\"https:\/\/www.urban-stiftung.de\/wp-content\/uploads\/2020\/02\/2020_01_24_halle_eroeffnung_ricardabraun_253-scaled.jpg\" data-link=\"https:\/\/www.urban-stiftung.de\/?attachment_id=453\" class=\"wp-image-453\" srcset=\"https:\/\/www.urban-stiftung.de\/wp-content\/uploads\/2020\/02\/2020_01_24_halle_eroeffnung_ricardabraun_253-1024x683.jpg 1024w, https:\/\/www.urban-stiftung.de\/wp-content\/uploads\/2020\/02\/2020_01_24_halle_eroeffnung_ricardabraun_253-620x413.jpg 620w, https:\/\/www.urban-stiftung.de\/wp-content\/uploads\/2020\/02\/2020_01_24_halle_eroeffnung_ricardabraun_253-768x512.jpg 768w, https:\/\/www.urban-stiftung.de\/wp-content\/uploads\/2020\/02\/2020_01_24_halle_eroeffnung_ricardabraun_253-1536x1024.jpg 1536w, https:\/\/www.urban-stiftung.de\/wp-content\/uploads\/2020\/02\/2020_01_24_halle_eroeffnung_ricardabraun_253-2048x1365.jpg 2048w\" sizes=\"auto, (max-width: 1024px) 100vw, 1024px\" \/><\/figure><\/li><li class=\"blocks-gallery-item\"><figure><img loading=\"lazy\" decoding=\"async\" width=\"1024\" height=\"683\" src=\"https:\/\/www.urban-stiftung.de\/wp-content\/uploads\/2020\/02\/2020_01_24_halle_eroeffnung_ricardabraun_068-1024x683.jpg\" alt=\"\" data-id=\"448\" data-full-url=\"https:\/\/www.urban-stiftung.de\/wp-content\/uploads\/2020\/02\/2020_01_24_halle_eroeffnung_ricardabraun_068-scaled.jpg\" data-link=\"https:\/\/www.urban-stiftung.de\/?attachment_id=448\" class=\"wp-image-448\" srcset=\"https:\/\/www.urban-stiftung.de\/wp-content\/uploads\/2020\/02\/2020_01_24_halle_eroeffnung_ricardabraun_068-1024x683.jpg 1024w, https:\/\/www.urban-stiftung.de\/wp-content\/uploads\/2020\/02\/2020_01_24_halle_eroeffnung_ricardabraun_068-620x413.jpg 620w, https:\/\/www.urban-stiftung.de\/wp-content\/uploads\/2020\/02\/2020_01_24_halle_eroeffnung_ricardabraun_068-768x512.jpg 768w, https:\/\/www.urban-stiftung.de\/wp-content\/uploads\/2020\/02\/2020_01_24_halle_eroeffnung_ricardabraun_068-1536x1024.jpg 1536w, https:\/\/www.urban-stiftung.de\/wp-content\/uploads\/2020\/02\/2020_01_24_halle_eroeffnung_ricardabraun_068-2048x1365.jpg 2048w\" sizes=\"auto, (max-width: 1024px) 100vw, 1024px\" \/><\/figure><\/li><\/ul><\/figure>\n","protected":false},"excerpt":{"rendered":"<p>Die Mattisburg in Halle (Saale) ist er\u00f6ffnet Die Mattisburg in Halle (Saale) ist in Rekordbauzeit fertig gestellt worden. Am 24. Januar 2020 wurde das Schutzhaus gemeinsam mit der Stiftung &#8222;Ein Platz f\u00fcr Kinder&#8220;, dem Regionalverband Halle (Saale) e.V. als Tr\u00e4ger im Rahmen eines Festaktes \u00fcbergeben. Das erste Kind wird bereits Mitte Februar einziehen. Im Rahmen&#8230; <\/p>\n","protected":false},"author":3,"featured_media":0,"parent":0,"menu_order":0,"comment_status":"closed","ping_status":"closed","template":"","meta":{"footnotes":""},"class_list":["post-491","page","type-page","status-publish","hentry"],"_links":{"self":[{"href":"https:\/\/www.urban-stiftung.de\/index.php?rest_route=\/wp\/v2\/pages\/491","targetHints":{"allow":["GET"]}}],"collection":[{"href":"https:\/\/www.urban-stiftung.de\/index.php?rest_route=\/wp\/v2\/pages"}],"about":[{"href":"https:\/\/www.urban-stiftung.de\/index.php?rest_route=\/wp\/v2\/types\/page"}],"author":[{"embeddable":true,"href":"https:\/\/www.urban-stiftung.de\/index.php?rest_route=\/wp\/v2\/users\/3"}],"replies":[{"embeddable":true,"href":"https:\/\/www.urban-stiftung.de\/index.php?rest_route=%2Fwp%2Fv2%2Fcomments&post=491"}],"version-history":[{"count":4,"href":"https:\/\/www.urban-stiftung.de\/index.php?rest_route=\/wp\/v2\/pages\/491\/revisions"}],"predecessor-version":[{"id":500,"href":"https:\/\/www.urban-stiftung.de\/index.php?rest_route=\/wp\/v2\/pages\/491\/revisions\/500"}],"wp:attachment":[{"href":"https:\/\/www.urban-stiftung.de\/index.php?rest_route=%2Fwp%2Fv2%2Fmedia&parent=491"}],"curies":[{"name":"wp","href":"https:\/\/api.w.org\/{rel}","templated":true}]}}