
{"id":116,"date":"2013-11-11T18:51:26","date_gmt":"2013-11-11T16:51:26","guid":{"rendered":"http:\/\/www.urban-stiftung.de\/?page_id=116"},"modified":"2020-02-17T12:22:42","modified_gmt":"2020-02-17T10:22:42","slug":"wohngruppe-an-der-eilenriede-hannover","status":"publish","type":"page","link":"https:\/\/www.urban-stiftung.de\/?page_id=116","title":{"rendered":"Wohngruppe an der Eilenriede, Hannover"},"content":{"rendered":"<p>Die \u201eWohngruppe an der Eilenriede\u201c ist die Nachsorgegruppe des Kinderschutzhauses Mattisburg in Hannover. Es ist eine station\u00e4re Facheinrichtung f\u00fcr gewaltgesch\u00e4digte, gef\u00e4hrdete Kinder in eine auf Zeit angelegte Anschlussbehandlung.<\/p>\n<p>Die Kinder k\u00f6nnen dort im Rahmen dieser Wohngruppe ihre begonnenen Therapien fortsetzen. Sie werden von erfahrenen Fachp\u00e4dagogen betreut und profitieren in der Gemeinschaft von verl\u00e4sslichen, wiederkehrenden Bezugspersonen. Ihr Lebensmittelpunkt ist w\u00e4hrend ihres Aufenthaltes die Wohngruppe. Die Kinder werden dabei begleitet, sich zu entfalten und zu selbstbestimmten Pers\u00f6nlichkeiten zu entwickeln. Sie lernen gesellschaftliche Mitverantwortung, soziales Handeln und werden zu einer positiven Lebenseinstellung ermutigt. Alles ist darauf ausgelegt, dass die Kinder eines Tages in ihre Familien zur\u00fcckkehren oder in Pflegefamilien kommen k\u00f6nnen.<\/p>\n<p>Diese Ziele unterst\u00fctzen wir aus Mitteln der Stiftung.<\/p>\n<h3>Bildergalerie<\/h3>\n<p>Klicken Sie auf ein Bild, um es zu vergr\u00f6\u00dfern:<\/p>\n\n\t\t<style type=\"text\/css\">\n\t\t\t#gallery-1 {\n\t\t\t\tmargin: auto;\n\t\t\t}\n\t\t\t#gallery-1 .gallery-item {\n\t\t\t\tfloat: left;\n\t\t\t\tmargin-top: 10px;\n\t\t\t\ttext-align: center;\n\t\t\t\twidth: 50%;\n\t\t\t}\n\t\t\t#gallery-1 img {\n\t\t\t\tborder: 2px solid #cfcfcf;\n\t\t\t}\n\t\t\t#gallery-1 .gallery-caption {\n\t\t\t\tmargin-left: 0;\n\t\t\t}\n\t\t\t\/* see gallery_shortcode() in wp-includes\/media.php *\/\n\t\t<\/style>\n\t\t<div id='gallery-1' class='gallery galleryid-116 gallery-columns-2 gallery-size-thumbnail'><dl class='gallery-item'>\n\t\t\t<dt class='gallery-icon landscape'>\n\t\t\t\t<a href='https:\/\/www.urban-stiftung.de\/wp-content\/uploads\/2013\/11\/MD002045.jpg'><img loading=\"lazy\" decoding=\"async\" width=\"300\" height=\"300\" src=\"https:\/\/www.urban-stiftung.de\/wp-content\/uploads\/2013\/11\/MD002045-300x300.jpg\" class=\"attachment-thumbnail size-thumbnail\" alt=\"\" srcset=\"https:\/\/www.urban-stiftung.de\/wp-content\/uploads\/2013\/11\/MD002045-300x300.jpg 300w, https:\/\/www.urban-stiftung.de\/wp-content\/uploads\/2013\/11\/MD002045-150x150.jpg 150w, https:\/\/www.urban-stiftung.de\/wp-content\/uploads\/2013\/11\/MD002045-130x130.jpg 130w, https:\/\/www.urban-stiftung.de\/wp-content\/uploads\/2013\/11\/MD002045-400x400.jpg 400w\" sizes=\"auto, (max-width: 300px) 100vw, 300px\" \/><\/a>\n\t\t\t<\/dt><\/dl><dl class='gallery-item'>\n\t\t\t<dt class='gallery-icon landscape'>\n\t\t\t\t<a href='https:\/\/www.urban-stiftung.de\/wp-content\/uploads\/2013\/11\/2-MD0020381.jpg'><img loading=\"lazy\" decoding=\"async\" width=\"300\" height=\"300\" src=\"https:\/\/www.urban-stiftung.de\/wp-content\/uploads\/2013\/11\/2-MD0020381-300x300.jpg\" class=\"attachment-thumbnail size-thumbnail\" alt=\"\" srcset=\"https:\/\/www.urban-stiftung.de\/wp-content\/uploads\/2013\/11\/2-MD0020381-300x300.jpg 300w, https:\/\/www.urban-stiftung.de\/wp-content\/uploads\/2013\/11\/2-MD0020381-150x150.jpg 150w, https:\/\/www.urban-stiftung.de\/wp-content\/uploads\/2013\/11\/2-MD0020381-130x130.jpg 130w, https:\/\/www.urban-stiftung.de\/wp-content\/uploads\/2013\/11\/2-MD0020381-400x400.jpg 400w\" sizes=\"auto, (max-width: 300px) 100vw, 300px\" \/><\/a>\n\t\t\t<\/dt><\/dl><br style=\"clear: both\" \/><dl class='gallery-item'>\n\t\t\t<dt class='gallery-icon landscape'>\n\t\t\t\t<a href='https:\/\/www.urban-stiftung.de\/wp-content\/uploads\/2013\/11\/Bild-16-Panorama1.jpg'><img loading=\"lazy\" decoding=\"async\" width=\"300\" height=\"300\" src=\"https:\/\/www.urban-stiftung.de\/wp-content\/uploads\/2013\/11\/Bild-16-Panorama1-300x300.jpg\" class=\"attachment-thumbnail size-thumbnail\" alt=\"\" srcset=\"https:\/\/www.urban-stiftung.de\/wp-content\/uploads\/2013\/11\/Bild-16-Panorama1-300x300.jpg 300w, https:\/\/www.urban-stiftung.de\/wp-content\/uploads\/2013\/11\/Bild-16-Panorama1-150x150.jpg 150w, https:\/\/www.urban-stiftung.de\/wp-content\/uploads\/2013\/11\/Bild-16-Panorama1-130x130.jpg 130w, https:\/\/www.urban-stiftung.de\/wp-content\/uploads\/2013\/11\/Bild-16-Panorama1-400x400.jpg 400w\" sizes=\"auto, (max-width: 300px) 100vw, 300px\" \/><\/a>\n\t\t\t<\/dt><\/dl><dl class='gallery-item'>\n\t\t\t<dt class='gallery-icon landscape'>\n\t\t\t\t<a href='https:\/\/www.urban-stiftung.de\/wp-content\/uploads\/2013\/11\/Bild-19-Panorama1.jpg'><img loading=\"lazy\" decoding=\"async\" width=\"300\" height=\"300\" src=\"https:\/\/www.urban-stiftung.de\/wp-content\/uploads\/2013\/11\/Bild-19-Panorama1-300x300.jpg\" class=\"attachment-thumbnail size-thumbnail\" alt=\"\" srcset=\"https:\/\/www.urban-stiftung.de\/wp-content\/uploads\/2013\/11\/Bild-19-Panorama1-300x300.jpg 300w, https:\/\/www.urban-stiftung.de\/wp-content\/uploads\/2013\/11\/Bild-19-Panorama1-150x150.jpg 150w, https:\/\/www.urban-stiftung.de\/wp-content\/uploads\/2013\/11\/Bild-19-Panorama1-130x130.jpg 130w\" sizes=\"auto, (max-width: 300px) 100vw, 300px\" \/><\/a>\n\t\t\t<\/dt><\/dl><br style=\"clear: both\" \/>\n\t\t<\/div>\n\n","protected":false},"excerpt":{"rendered":"<p>Die \u201eWohngruppe an der Eilenriede\u201c ist die Nachsorgegruppe des Kinderschutzhauses Mattisburg in Hannover. Es ist eine station\u00e4re Facheinrichtung f\u00fcr gewaltgesch\u00e4digte, gef\u00e4hrdete Kinder in eine auf Zeit angelegte Anschlussbehandlung. Die Kinder k\u00f6nnen dort im Rahmen dieser Wohngruppe ihre begonnenen Therapien fortsetzen. Sie werden von erfahrenen Fachp\u00e4dagogen betreut und profitieren in der Gemeinschaft von verl\u00e4sslichen, wiederkehrenden Bezugspersonen&#8230;. <\/p>\n","protected":false},"author":3,"featured_media":0,"parent":8,"menu_order":0,"comment_status":"closed","ping_status":"open","template":"","meta":{"footnotes":""},"class_list":["post-116","page","type-page","status-publish","hentry"],"_links":{"self":[{"href":"https:\/\/www.urban-stiftung.de\/index.php?rest_route=\/wp\/v2\/pages\/116","targetHints":{"allow":["GET"]}}],"collection":[{"href":"https:\/\/www.urban-stiftung.de\/index.php?rest_route=\/wp\/v2\/pages"}],"about":[{"href":"https:\/\/www.urban-stiftung.de\/index.php?rest_route=\/wp\/v2\/types\/page"}],"author":[{"embeddable":true,"href":"https:\/\/www.urban-stiftung.de\/index.php?rest_route=\/wp\/v2\/users\/3"}],"replies":[{"embeddable":true,"href":"https:\/\/www.urban-stiftung.de\/index.php?rest_route=%2Fwp%2Fv2%2Fcomments&post=116"}],"version-history":[{"count":7,"href":"https:\/\/www.urban-stiftung.de\/index.php?rest_route=\/wp\/v2\/pages\/116\/revisions"}],"predecessor-version":[{"id":487,"href":"https:\/\/www.urban-stiftung.de\/index.php?rest_route=\/wp\/v2\/pages\/116\/revisions\/487"}],"up":[{"embeddable":true,"href":"https:\/\/www.urban-stiftung.de\/index.php?rest_route=\/wp\/v2\/pages\/8"}],"wp:attachment":[{"href":"https:\/\/www.urban-stiftung.de\/index.php?rest_route=%2Fwp%2Fv2%2Fmedia&parent=116"}],"curies":[{"name":"wp","href":"https:\/\/api.w.org\/{rel}","templated":true}]}}