
{"id":110,"date":"2013-11-11T18:45:09","date_gmt":"2013-11-11T16:45:09","guid":{"rendered":"http:\/\/www.urban-stiftung.de\/?page_id=110"},"modified":"2020-02-17T12:01:52","modified_gmt":"2020-02-17T10:01:52","slug":"kinderschutzhaus-mattisburg-hamburg","status":"publish","type":"page","link":"https:\/\/www.urban-stiftung.de\/?page_id=110","title":{"rendered":"Kinderschutzhaus Mattisburg, Hamburg"},"content":{"rendered":"<p>In Hamburg-Schnelsen wurde, gemeinsam mit der Stiftung \u201eEin Platz f\u00fcr Kinder\u201c ein neues Kinderschutzhaus gebaut, das im Sommer 2014 unter der Leitung der Gro\u00dfstadt-Mission Hamburg-Altona seinen Betrieb aufgenommen hat.<\/p>\n<p>Wir unterst\u00fctzen dieses Projekt von Anfang an. Der Name Mattisburg ist angelehnt an Astrid Lindgrens Roman \u201eRonja R\u00e4ubertochter\u201c und er steht f\u00fcr Sicherheit und Schutz. Die Kosten f\u00fcr den Bau werden zu einem Gro\u00dfteil \u00fcber Spendengelder finanziert.<\/p>\n<p>Die Architektur der Hamburger Mattisburg wurde als Prototyp f\u00fcr alle zuk\u00fcnftigen Schutzh\u00e4user der Stiftung entwickelt und ist r\u00e4umlich optimal auf die speziellen Bedingungen einer wohngruppenorientierten Einrichtung ausgelegt.<\/p>\n<p>Links:<\/p>\n<ul>\n<li><a href=\"http:\/\/www.epfk.de\/fileadmin\/user_upload\/elkat_pdf\/html5.html#1\" target=\"_blank\" rel=\"noopener noreferrer\">Bl\u00e4tter-Prospekt \u00f6ffnen<\/a><\/li>\n<\/ul>\n<h3>Bildergalerie<\/h3>\n<p>Klicken Sie auf ein Bild, um es zu vergr\u00f6\u00dfern:<\/p>\n\n\t\t<style type=\"text\/css\">\n\t\t\t#gallery-1 {\n\t\t\t\tmargin: auto;\n\t\t\t}\n\t\t\t#gallery-1 .gallery-item {\n\t\t\t\tfloat: left;\n\t\t\t\tmargin-top: 10px;\n\t\t\t\ttext-align: center;\n\t\t\t\twidth: 33%;\n\t\t\t}\n\t\t\t#gallery-1 img {\n\t\t\t\tborder: 2px solid #cfcfcf;\n\t\t\t}\n\t\t\t#gallery-1 .gallery-caption {\n\t\t\t\tmargin-left: 0;\n\t\t\t}\n\t\t\t\/* see gallery_shortcode() in wp-includes\/media.php *\/\n\t\t<\/style>\n\t\t<div id='gallery-1' class='gallery galleryid-110 gallery-columns-3 gallery-size-thumbnail'><dl class='gallery-item'>\n\t\t\t<dt class='gallery-icon landscape'>\n\t\t\t\t<a href='https:\/\/www.urban-stiftung.de\/wp-content\/uploads\/2020\/02\/low_fwk8629.jpg'><img loading=\"lazy\" decoding=\"async\" width=\"300\" height=\"300\" src=\"https:\/\/www.urban-stiftung.de\/wp-content\/uploads\/2020\/02\/low_fwk8629-300x300.jpg\" class=\"attachment-thumbnail size-thumbnail\" alt=\"\" \/><\/a>\n\t\t\t<\/dt><\/dl><dl class='gallery-item'>\n\t\t\t<dt class='gallery-icon portrait'>\n\t\t\t\t<a href='https:\/\/www.urban-stiftung.de\/wp-content\/uploads\/2020\/02\/img_0190-scaled.jpg'><img loading=\"lazy\" decoding=\"async\" width=\"300\" height=\"300\" src=\"https:\/\/www.urban-stiftung.de\/wp-content\/uploads\/2020\/02\/img_0190-300x300.jpg\" class=\"attachment-thumbnail size-thumbnail\" alt=\"\" \/><\/a>\n\t\t\t<\/dt><\/dl><dl class='gallery-item'>\n\t\t\t<dt class='gallery-icon portrait'>\n\t\t\t\t<a href='https:\/\/www.urban-stiftung.de\/wp-content\/uploads\/2014\/09\/Sebastian_Glombik_H97_Mattisburg_08.jpg'><img loading=\"lazy\" decoding=\"async\" width=\"300\" height=\"300\" src=\"https:\/\/www.urban-stiftung.de\/wp-content\/uploads\/2014\/09\/Sebastian_Glombik_H97_Mattisburg_08-300x300.jpg\" class=\"attachment-thumbnail size-thumbnail\" alt=\"\" \/><\/a>\n\t\t\t<\/dt><\/dl><br style=\"clear: both\" \/><dl class='gallery-item'>\n\t\t\t<dt class='gallery-icon landscape'>\n\t\t\t\t<a href='https:\/\/www.urban-stiftung.de\/wp-content\/uploads\/2014\/09\/Sebastian_Glombik_H97_Mattisburg_17.jpg'><img loading=\"lazy\" decoding=\"async\" width=\"300\" height=\"300\" src=\"https:\/\/www.urban-stiftung.de\/wp-content\/uploads\/2014\/09\/Sebastian_Glombik_H97_Mattisburg_17-300x300.jpg\" class=\"attachment-thumbnail size-thumbnail\" alt=\"\" \/><\/a>\n\t\t\t<\/dt><\/dl><dl class='gallery-item'>\n\t\t\t<dt class='gallery-icon landscape'>\n\t\t\t\t<a href='https:\/\/www.urban-stiftung.de\/wp-content\/uploads\/2020\/02\/dscf5093l-scaled.jpg'><img loading=\"lazy\" decoding=\"async\" width=\"300\" height=\"300\" src=\"https:\/\/www.urban-stiftung.de\/wp-content\/uploads\/2020\/02\/dscf5093l-300x300.jpg\" class=\"attachment-thumbnail size-thumbnail\" alt=\"\" \/><\/a>\n\t\t\t<\/dt><\/dl><dl class='gallery-item'>\n\t\t\t<dt class='gallery-icon landscape'>\n\t\t\t\t<a href='https:\/\/www.urban-stiftung.de\/wp-content\/uploads\/2020\/02\/img_0253-scaled.jpg'><img loading=\"lazy\" decoding=\"async\" width=\"300\" height=\"300\" src=\"https:\/\/www.urban-stiftung.de\/wp-content\/uploads\/2020\/02\/img_0253-300x300.jpg\" class=\"attachment-thumbnail size-thumbnail\" alt=\"\" \/><\/a>\n\t\t\t<\/dt><\/dl><br style=\"clear: both\" \/><dl class='gallery-item'>\n\t\t\t<dt class='gallery-icon landscape'>\n\t\t\t\t<a href='https:\/\/www.urban-stiftung.de\/wp-content\/uploads\/2020\/02\/img_0248-scaled.jpg'><img loading=\"lazy\" decoding=\"async\" width=\"300\" height=\"300\" src=\"https:\/\/www.urban-stiftung.de\/wp-content\/uploads\/2020\/02\/img_0248-300x300.jpg\" class=\"attachment-thumbnail size-thumbnail\" alt=\"\" \/><\/a>\n\t\t\t<\/dt><\/dl><dl class='gallery-item'>\n\t\t\t<dt class='gallery-icon landscape'>\n\t\t\t\t<a href='https:\/\/www.urban-stiftung.de\/wp-content\/uploads\/2020\/02\/img_0206-scaled.jpg'><img loading=\"lazy\" decoding=\"async\" width=\"300\" height=\"300\" src=\"https:\/\/www.urban-stiftung.de\/wp-content\/uploads\/2020\/02\/img_0206-300x300.jpg\" class=\"attachment-thumbnail size-thumbnail\" alt=\"\" \/><\/a>\n\t\t\t<\/dt><\/dl><dl class='gallery-item'>\n\t\t\t<dt class='gallery-icon landscape'>\n\t\t\t\t<a href='https:\/\/www.urban-stiftung.de\/wp-content\/uploads\/2020\/02\/img_0178-scaled.jpg'><img loading=\"lazy\" decoding=\"async\" width=\"300\" height=\"300\" src=\"https:\/\/www.urban-stiftung.de\/wp-content\/uploads\/2020\/02\/img_0178-300x300.jpg\" class=\"attachment-thumbnail size-thumbnail\" alt=\"\" \/><\/a>\n\t\t\t<\/dt><\/dl><br style=\"clear: both\" \/><dl class='gallery-item'>\n\t\t\t<dt class='gallery-icon landscape'>\n\t\t\t\t<a href='https:\/\/www.urban-stiftung.de\/wp-content\/uploads\/2014\/09\/Sebastian_Glombik_H97_Mattisburg_21.jpg'><img loading=\"lazy\" decoding=\"async\" width=\"300\" height=\"300\" src=\"https:\/\/www.urban-stiftung.de\/wp-content\/uploads\/2014\/09\/Sebastian_Glombik_H97_Mattisburg_21-300x300.jpg\" class=\"attachment-thumbnail size-thumbnail\" alt=\"\" \/><\/a>\n\t\t\t<\/dt><\/dl><dl class='gallery-item'>\n\t\t\t<dt class='gallery-icon portrait'>\n\t\t\t\t<a href='https:\/\/www.urban-stiftung.de\/wp-content\/uploads\/2014\/09\/Sebastian_Glombik_H97_Mattisburg_11.jpg'><img loading=\"lazy\" decoding=\"async\" width=\"300\" height=\"300\" src=\"https:\/\/www.urban-stiftung.de\/wp-content\/uploads\/2014\/09\/Sebastian_Glombik_H97_Mattisburg_11-300x300.jpg\" class=\"attachment-thumbnail size-thumbnail\" alt=\"\" \/><\/a>\n\t\t\t<\/dt><\/dl><dl class='gallery-item'>\n\t\t\t<dt class='gallery-icon landscape'>\n\t\t\t\t<a href='https:\/\/www.urban-stiftung.de\/wp-content\/uploads\/2020\/02\/low_fwk8587.jpg'><img loading=\"lazy\" decoding=\"async\" width=\"300\" height=\"300\" src=\"https:\/\/www.urban-stiftung.de\/wp-content\/uploads\/2020\/02\/low_fwk8587-300x300.jpg\" class=\"attachment-thumbnail size-thumbnail\" alt=\"\" \/><\/a>\n\t\t\t<\/dt><\/dl><br style=\"clear: both\" \/>\n\t\t<\/div>\n\n","protected":false},"excerpt":{"rendered":"<p>In Hamburg-Schnelsen wurde, gemeinsam mit der Stiftung \u201eEin Platz f\u00fcr Kinder\u201c ein neues Kinderschutzhaus gebaut, das im Sommer 2014 unter der Leitung der Gro\u00dfstadt-Mission Hamburg-Altona seinen Betrieb aufgenommen hat. Wir unterst\u00fctzen dieses Projekt von Anfang an. Der Name Mattisburg ist angelehnt an Astrid Lindgrens Roman \u201eRonja R\u00e4ubertochter\u201c und er steht f\u00fcr Sicherheit und Schutz. Die&#8230; <\/p>\n","protected":false},"author":3,"featured_media":0,"parent":8,"menu_order":0,"comment_status":"closed","ping_status":"open","template":"","meta":{"footnotes":""},"class_list":["post-110","page","type-page","status-publish","hentry"],"_links":{"self":[{"href":"https:\/\/www.urban-stiftung.de\/index.php?rest_route=\/wp\/v2\/pages\/110","targetHints":{"allow":["GET"]}}],"collection":[{"href":"https:\/\/www.urban-stiftung.de\/index.php?rest_route=\/wp\/v2\/pages"}],"about":[{"href":"https:\/\/www.urban-stiftung.de\/index.php?rest_route=\/wp\/v2\/types\/page"}],"author":[{"embeddable":true,"href":"https:\/\/www.urban-stiftung.de\/index.php?rest_route=\/wp\/v2\/users\/3"}],"replies":[{"embeddable":true,"href":"https:\/\/www.urban-stiftung.de\/index.php?rest_route=%2Fwp%2Fv2%2Fcomments&post=110"}],"version-history":[{"count":16,"href":"https:\/\/www.urban-stiftung.de\/index.php?rest_route=\/wp\/v2\/pages\/110\/revisions"}],"predecessor-version":[{"id":474,"href":"https:\/\/www.urban-stiftung.de\/index.php?rest_route=\/wp\/v2\/pages\/110\/revisions\/474"}],"up":[{"embeddable":true,"href":"https:\/\/www.urban-stiftung.de\/index.php?rest_route=\/wp\/v2\/pages\/8"}],"wp:attachment":[{"href":"https:\/\/www.urban-stiftung.de\/index.php?rest_route=%2Fwp%2Fv2%2Fmedia&parent=110"}],"curies":[{"name":"wp","href":"https:\/\/api.w.org\/{rel}","templated":true}]}}