
{"id":106,"date":"2013-11-11T18:41:41","date_gmt":"2013-11-11T16:41:41","guid":{"rendered":"http:\/\/www.urban-stiftung.de\/?page_id=106"},"modified":"2020-02-17T12:16:43","modified_gmt":"2020-02-17T10:16:43","slug":"nadu-kinderhaus-hannover","status":"publish","type":"page","link":"https:\/\/www.urban-stiftung.de\/?page_id=106","title":{"rendered":"NaDu-Kinderhaus, Hannover"},"content":{"rendered":"<p>Das <a href=\"http:\/\/www.nadu-kinderhaus.de\/\" target=\"_blank\" rel=\"noopener noreferrer\">Kinderhaus \u201eNaDu\u201c<\/a> ist im Stadtteil Sahlkamp, in dem sich viele Menschen aus den unterschiedlichsten Nationen treffen. Integration und Verst\u00e4ndnis f\u00fcreinander sind deshalb besonders wichtig. NaDU bietet daher den Kindern viele M\u00f6glichkeiten zum Lernen, Spielen, Musizieren, Tanzen, Handwerkern und G\u00e4rtnern. Sie bekommen ein Mittagessen, kochen und backen gemeinsam oder unternehmen Ausfl\u00fcge. Auch die Eltern sind willkommen: Sie k\u00f6nnen hier Deutsch lernen, an Mutter-Kind-Gruppen und N\u00e4hkursen teilnehmen, den Kindern beim Lernen helfen oder sich zum Frauen- und M\u00e4nner-Kaffee treffen.<\/p>\n<p>Wir unterst\u00fctzen dieses Projekt durch die anteilige Finanzierung einer p\u00e4dagogischen Fachkraft aus dem Irak. Es handelt sich um einen Lehrer und wichtigen Ansprechpartner im sogenannten \u201eOffenen Treff\u201c.<\/p>\n<h3>Bildergalerie<\/h3>\n<p>Klicken Sie auf ein Bild, um es zu vergr\u00f6\u00dfern:<\/p>\n\n\t\t<style type=\"text\/css\">\n\t\t\t#gallery-1 {\n\t\t\t\tmargin: auto;\n\t\t\t}\n\t\t\t#gallery-1 .gallery-item {\n\t\t\t\tfloat: left;\n\t\t\t\tmargin-top: 10px;\n\t\t\t\ttext-align: center;\n\t\t\t\twidth: 50%;\n\t\t\t}\n\t\t\t#gallery-1 img {\n\t\t\t\tborder: 2px solid #cfcfcf;\n\t\t\t}\n\t\t\t#gallery-1 .gallery-caption {\n\t\t\t\tmargin-left: 0;\n\t\t\t}\n\t\t\t\/* see gallery_shortcode() in wp-includes\/media.php *\/\n\t\t<\/style>\n\t\t<div id='gallery-1' class='gallery galleryid-106 gallery-columns-2 gallery-size-thumbnail'><dl class='gallery-item'>\n\t\t\t<dt class='gallery-icon landscape'>\n\t\t\t\t<a href='https:\/\/www.urban-stiftung.de\/wp-content\/uploads\/2013\/11\/nadu-draussen.jpg'><img loading=\"lazy\" decoding=\"async\" width=\"300\" height=\"300\" src=\"https:\/\/www.urban-stiftung.de\/wp-content\/uploads\/2013\/11\/nadu-draussen-300x300.jpg\" class=\"attachment-thumbnail size-thumbnail\" alt=\"\" srcset=\"https:\/\/www.urban-stiftung.de\/wp-content\/uploads\/2013\/11\/nadu-draussen-300x300.jpg 300w, https:\/\/www.urban-stiftung.de\/wp-content\/uploads\/2013\/11\/nadu-draussen-150x150.jpg 150w, https:\/\/www.urban-stiftung.de\/wp-content\/uploads\/2013\/11\/nadu-draussen-130x130.jpg 130w, https:\/\/www.urban-stiftung.de\/wp-content\/uploads\/2013\/11\/nadu-draussen-400x400.jpg 400w\" sizes=\"auto, (max-width: 300px) 100vw, 300px\" \/><\/a>\n\t\t\t<\/dt><\/dl><dl class='gallery-item'>\n\t\t\t<dt class='gallery-icon portrait'>\n\t\t\t\t<a href='https:\/\/www.urban-stiftung.de\/wp-content\/uploads\/2013\/11\/nadu-malen.jpg'><img loading=\"lazy\" decoding=\"async\" width=\"300\" height=\"300\" src=\"https:\/\/www.urban-stiftung.de\/wp-content\/uploads\/2013\/11\/nadu-malen-300x300.jpg\" class=\"attachment-thumbnail size-thumbnail\" alt=\"\" srcset=\"https:\/\/www.urban-stiftung.de\/wp-content\/uploads\/2013\/11\/nadu-malen-300x300.jpg 300w, https:\/\/www.urban-stiftung.de\/wp-content\/uploads\/2013\/11\/nadu-malen-150x150.jpg 150w, https:\/\/www.urban-stiftung.de\/wp-content\/uploads\/2013\/11\/nadu-malen-130x130.jpg 130w, https:\/\/www.urban-stiftung.de\/wp-content\/uploads\/2013\/11\/nadu-malen-400x400.jpg 400w\" sizes=\"auto, (max-width: 300px) 100vw, 300px\" \/><\/a>\n\t\t\t<\/dt><\/dl><br style=\"clear: both\" \/>\n\t\t<\/div>\n\n","protected":false},"excerpt":{"rendered":"<p>Das Kinderhaus \u201eNaDu\u201c ist im Stadtteil Sahlkamp, in dem sich viele Menschen aus den unterschiedlichsten Nationen treffen. Integration und Verst\u00e4ndnis f\u00fcreinander sind deshalb besonders wichtig. NaDU bietet daher den Kindern viele M\u00f6glichkeiten zum Lernen, Spielen, Musizieren, Tanzen, Handwerkern und G\u00e4rtnern. Sie bekommen ein Mittagessen, kochen und backen gemeinsam oder unternehmen Ausfl\u00fcge. Auch die Eltern sind&#8230; <\/p>\n","protected":false},"author":3,"featured_media":0,"parent":8,"menu_order":0,"comment_status":"closed","ping_status":"open","template":"","meta":{"footnotes":""},"class_list":["post-106","page","type-page","status-publish","hentry"],"_links":{"self":[{"href":"https:\/\/www.urban-stiftung.de\/index.php?rest_route=\/wp\/v2\/pages\/106","targetHints":{"allow":["GET"]}}],"collection":[{"href":"https:\/\/www.urban-stiftung.de\/index.php?rest_route=\/wp\/v2\/pages"}],"about":[{"href":"https:\/\/www.urban-stiftung.de\/index.php?rest_route=\/wp\/v2\/types\/page"}],"author":[{"embeddable":true,"href":"https:\/\/www.urban-stiftung.de\/index.php?rest_route=\/wp\/v2\/users\/3"}],"replies":[{"embeddable":true,"href":"https:\/\/www.urban-stiftung.de\/index.php?rest_route=%2Fwp%2Fv2%2Fcomments&post=106"}],"version-history":[{"count":11,"href":"https:\/\/www.urban-stiftung.de\/index.php?rest_route=\/wp\/v2\/pages\/106\/revisions"}],"predecessor-version":[{"id":485,"href":"https:\/\/www.urban-stiftung.de\/index.php?rest_route=\/wp\/v2\/pages\/106\/revisions\/485"}],"up":[{"embeddable":true,"href":"https:\/\/www.urban-stiftung.de\/index.php?rest_route=\/wp\/v2\/pages\/8"}],"wp:attachment":[{"href":"https:\/\/www.urban-stiftung.de\/index.php?rest_route=%2Fwp%2Fv2%2Fmedia&parent=106"}],"curies":[{"name":"wp","href":"https:\/\/api.w.org\/{rel}","templated":true}]}}