
{"id":101,"date":"2013-11-11T18:36:19","date_gmt":"2013-11-11T16:36:19","guid":{"rendered":"http:\/\/www.urban-stiftung.de\/?page_id=101"},"modified":"2020-02-17T13:00:13","modified_gmt":"2020-02-17T11:00:13","slug":"kinderkrankenhaus-intensivstation-in-sri-lanka","status":"publish","type":"page","link":"https:\/\/www.urban-stiftung.de\/?page_id=101","title":{"rendered":"Kinderkrankenhaus"},"content":{"rendered":"\n<p><\/p>\n\n\n<h3><strong data-rich-text-format-boundary=\"true\">Kinder-Intensivstation in Galle\/Sri Lanka<\/strong>\u00a0im Karapitiya Teaching Hospital<\/h3>\n<p>P.I.C.U. ist eine Abk\u00fcrzung, die f\u00fcr Paediatric Intensive Care Unit steht. In der Intensivstation des Ceylonesischen Kinderkrankenhauses geht es darum, den Bedarf von sieben Betten zur Intensivpflege von Kindern decken zu k\u00f6nnen. Um das zu erreichen, gibt es eine Patenschaft der Medizinischen Hochschule Hannver (MHH), die \u00c4rzten und Pflegern in Galle zu schulen, diese p\u00e4diatrische Intensivstation autark zu betreiben.<\/p>\n<p><img loading=\"lazy\" decoding=\"async\" class=\"alignleft size-full wp-image-271\" src=\"https:\/\/www.urban-stiftung.de\/wp-content\/uploads\/2013\/11\/picu3.jpg\" alt=\"PICU Intensivstation\" width=\"754\" height=\"461\" \/><\/p>\n<p>Die Intensivstation, die bereits \u00fcber vier Betten verf\u00fcgt, gibt es schon seit 2008. Mehr als 500 kleinen Patienten konnte hier schon das Leben gerettet werden. Mit der Intensivstation allein ist es jedoch nicht getan. Zur weiteren Betreuung der sogenannten Schwerstf\u00e4lle wurde eine weiterf\u00fchrende Intermediate Care Unit (I.M.C.) eingerichtet, die im Obergeschoss des Krankenhauses liegt und deren Aufbau die Urbanstiftung mitfinanziert hat.<\/p>\n<h3>Bildergalerie<\/h3>\n<p>Klicken Sie auf ein Bild, um es zu vergr\u00f6\u00dfern:<\/p>\n\n\t\t<style type=\"text\/css\">\n\t\t\t#gallery-1 {\n\t\t\t\tmargin: auto;\n\t\t\t}\n\t\t\t#gallery-1 .gallery-item {\n\t\t\t\tfloat: left;\n\t\t\t\tmargin-top: 10px;\n\t\t\t\ttext-align: center;\n\t\t\t\twidth: 50%;\n\t\t\t}\n\t\t\t#gallery-1 img {\n\t\t\t\tborder: 2px solid #cfcfcf;\n\t\t\t}\n\t\t\t#gallery-1 .gallery-caption {\n\t\t\t\tmargin-left: 0;\n\t\t\t}\n\t\t\t\/* see gallery_shortcode() in wp-includes\/media.php *\/\n\t\t<\/style>\n\t\t<div id='gallery-1' class='gallery galleryid-101 gallery-columns-2 gallery-size-thumbnail'><dl class='gallery-item'>\n\t\t\t<dt class='gallery-icon landscape'>\n\t\t\t\t<a href='https:\/\/www.urban-stiftung.de\/wp-content\/uploads\/2013\/11\/picu1.jpg'><img loading=\"lazy\" decoding=\"async\" width=\"300\" height=\"300\" src=\"https:\/\/www.urban-stiftung.de\/wp-content\/uploads\/2013\/11\/picu1-300x300.jpg\" class=\"attachment-thumbnail size-thumbnail\" alt=\"\" srcset=\"https:\/\/www.urban-stiftung.de\/wp-content\/uploads\/2013\/11\/picu1-300x300.jpg 300w, https:\/\/www.urban-stiftung.de\/wp-content\/uploads\/2013\/11\/picu1-150x150.jpg 150w, https:\/\/www.urban-stiftung.de\/wp-content\/uploads\/2013\/11\/picu1-130x130.jpg 130w, https:\/\/www.urban-stiftung.de\/wp-content\/uploads\/2013\/11\/picu1-400x400.jpg 400w\" sizes=\"auto, (max-width: 300px) 100vw, 300px\" \/><\/a>\n\t\t\t<\/dt><\/dl><dl class='gallery-item'>\n\t\t\t<dt class='gallery-icon portrait'>\n\t\t\t\t<a href='https:\/\/www.urban-stiftung.de\/wp-content\/uploads\/2013\/11\/picu2.jpg'><img loading=\"lazy\" decoding=\"async\" width=\"300\" height=\"300\" src=\"https:\/\/www.urban-stiftung.de\/wp-content\/uploads\/2013\/11\/picu2-300x300.jpg\" class=\"attachment-thumbnail size-thumbnail\" alt=\"\" srcset=\"https:\/\/www.urban-stiftung.de\/wp-content\/uploads\/2013\/11\/picu2-300x300.jpg 300w, https:\/\/www.urban-stiftung.de\/wp-content\/uploads\/2013\/11\/picu2-150x150.jpg 150w, https:\/\/www.urban-stiftung.de\/wp-content\/uploads\/2013\/11\/picu2-130x130.jpg 130w, https:\/\/www.urban-stiftung.de\/wp-content\/uploads\/2013\/11\/picu2-400x400.jpg 400w\" sizes=\"auto, (max-width: 300px) 100vw, 300px\" \/><\/a>\n\t\t\t<\/dt><\/dl><br style=\"clear: both\" \/>\n\t\t<\/div>\n","protected":false},"excerpt":{"rendered":"<p>Kinder-Intensivstation in Galle\/Sri Lanka\u00a0im Karapitiya Teaching Hospital P.I.C.U. ist eine Abk\u00fcrzung, die f\u00fcr Paediatric Intensive Care Unit steht. In der Intensivstation des Ceylonesischen Kinderkrankenhauses geht es darum, den Bedarf von sieben Betten zur Intensivpflege von Kindern decken zu k\u00f6nnen. Um das zu erreichen, gibt es eine Patenschaft der Medizinischen Hochschule Hannver (MHH), die \u00c4rzten und&#8230; <\/p>\n","protected":false},"author":3,"featured_media":0,"parent":8,"menu_order":0,"comment_status":"closed","ping_status":"open","template":"","meta":{"footnotes":""},"class_list":["post-101","page","type-page","status-publish","hentry"],"_links":{"self":[{"href":"https:\/\/www.urban-stiftung.de\/index.php?rest_route=\/wp\/v2\/pages\/101","targetHints":{"allow":["GET"]}}],"collection":[{"href":"https:\/\/www.urban-stiftung.de\/index.php?rest_route=\/wp\/v2\/pages"}],"about":[{"href":"https:\/\/www.urban-stiftung.de\/index.php?rest_route=\/wp\/v2\/types\/page"}],"author":[{"embeddable":true,"href":"https:\/\/www.urban-stiftung.de\/index.php?rest_route=\/wp\/v2\/users\/3"}],"replies":[{"embeddable":true,"href":"https:\/\/www.urban-stiftung.de\/index.php?rest_route=%2Fwp%2Fv2%2Fcomments&post=101"}],"version-history":[{"count":17,"href":"https:\/\/www.urban-stiftung.de\/index.php?rest_route=\/wp\/v2\/pages\/101\/revisions"}],"predecessor-version":[{"id":498,"href":"https:\/\/www.urban-stiftung.de\/index.php?rest_route=\/wp\/v2\/pages\/101\/revisions\/498"}],"up":[{"embeddable":true,"href":"https:\/\/www.urban-stiftung.de\/index.php?rest_route=\/wp\/v2\/pages\/8"}],"wp:attachment":[{"href":"https:\/\/www.urban-stiftung.de\/index.php?rest_route=%2Fwp%2Fv2%2Fmedia&parent=101"}],"curies":[{"name":"wp","href":"https:\/\/api.w.org\/{rel}","templated":true}]}}