
{"id":10,"date":"2013-09-26T18:26:51","date_gmt":"2013-09-26T16:26:51","guid":{"rendered":"http:\/\/www.urban-stiftung.de\/?page_id=10"},"modified":"2020-02-17T12:23:47","modified_gmt":"2020-02-17T10:23:47","slug":"schulprojekt-in-neerpairindien","status":"publish","type":"page","link":"https:\/\/www.urban-stiftung.de\/?page_id=10","title":{"rendered":"Schulprojekt in Neerpair\/Indien"},"content":{"rendered":"<p>Die Dr. R. Arulappa Higher Secondary School befindet sich in Indien, im Dorf Neerpair, im S\u00fcden des Landes in der N\u00e4he von Madras. Sie wurde im Oktober 2004 eingeweiht.<\/p>\n<p><img loading=\"lazy\" decoding=\"async\" class=\"alignleft size-full wp-image-278\" src=\"https:\/\/www.urban-stiftung.de\/wp-content\/uploads\/2013\/09\/Neerpair-Geb\u00e4ude.jpg\" alt=\"Neerpair Geb\u00e4ude\" width=\"794\" height=\"504\" srcset=\"https:\/\/www.urban-stiftung.de\/wp-content\/uploads\/2013\/09\/Neerpair-Geb\u00e4ude.jpg 794w, https:\/\/www.urban-stiftung.de\/wp-content\/uploads\/2013\/09\/Neerpair-Geb\u00e4ude-620x394.jpg 620w, https:\/\/www.urban-stiftung.de\/wp-content\/uploads\/2013\/09\/Neerpair-Geb\u00e4ude-768x487.jpg 768w, https:\/\/www.urban-stiftung.de\/wp-content\/uploads\/2013\/09\/Neerpair-Geb\u00e4ude-150x95.jpg 150w, https:\/\/www.urban-stiftung.de\/wp-content\/uploads\/2013\/09\/Neerpair-Geb\u00e4ude-130x83.jpg 130w, https:\/\/www.urban-stiftung.de\/wp-content\/uploads\/2013\/09\/Neerpair-Geb\u00e4ude-400x254.jpg 400w\" sizes=\"auto, (max-width: 794px) 100vw, 794px\" \/><\/p>\n<p>F\u00fcr die 31 Lehrer und Angestellten der Schule werden die laufenden Geh\u00e4lter bezahlt, wodurch etwa 1.200 Kinder aus einem Einzugsbereich von 73 D\u00f6rfern unterrichtet werden k\u00f6nnen. Die Kinder stammen fast alle von Landarbeiterfamilien, die sich die Ausbildung ihrer Kinder kaum leisten k\u00f6nnen. F\u00fcr die Sch\u00fclerinnen und Sch\u00fcler soll durch die Ausbildung eine Ausgangsbasis geschaffen werden, die es ihnen erm\u00f6glicht, sich selbst durch aktives Zutun aus ihrer Armut zu befreien. Nach der Schulzeit wird so weit wie m\u00f6glich eine anschlie\u00dfende Ausbildung bezahlt.<\/p>\n<p>Zu der Schule geh\u00f6rt auch ein Wohnheim f\u00fcr etwa 100 Waisenkinder.<\/p>\n<p>(Stand: Anfang 2014)<\/p>\n<h3>Bildergalerie<\/h3>\n<p><strong>Einweihung der Schule vor ca. zehn Jahren.<\/strong><\/p>\n<p>Klicken Sie auf ein Bild, um es zu vergr\u00f6\u00dfern:<\/p>\n\n\t\t<style type=\"text\/css\">\n\t\t\t#gallery-1 {\n\t\t\t\tmargin: auto;\n\t\t\t}\n\t\t\t#gallery-1 .gallery-item {\n\t\t\t\tfloat: left;\n\t\t\t\tmargin-top: 10px;\n\t\t\t\ttext-align: center;\n\t\t\t\twidth: 33%;\n\t\t\t}\n\t\t\t#gallery-1 img {\n\t\t\t\tborder: 2px solid #cfcfcf;\n\t\t\t}\n\t\t\t#gallery-1 .gallery-caption {\n\t\t\t\tmargin-left: 0;\n\t\t\t}\n\t\t\t\/* see gallery_shortcode() in wp-includes\/media.php *\/\n\t\t<\/style>\n\t\t<div id='gallery-1' class='gallery galleryid-10 gallery-columns-3 gallery-size-thumbnail'><dl class='gallery-item'>\n\t\t\t<dt class='gallery-icon landscape'>\n\t\t\t\t<a href='https:\/\/www.urban-stiftung.de\/wp-content\/uploads\/2013\/09\/Neerpair-Schulweg.jpg'><img loading=\"lazy\" decoding=\"async\" width=\"300\" height=\"300\" src=\"https:\/\/www.urban-stiftung.de\/wp-content\/uploads\/2013\/09\/Neerpair-Schulweg-300x300.jpg\" class=\"attachment-thumbnail size-thumbnail\" alt=\"\" aria-describedby=\"gallery-1-283\" srcset=\"https:\/\/www.urban-stiftung.de\/wp-content\/uploads\/2013\/09\/Neerpair-Schulweg-300x300.jpg 300w, https:\/\/www.urban-stiftung.de\/wp-content\/uploads\/2013\/09\/Neerpair-Schulweg-150x150.jpg 150w, https:\/\/www.urban-stiftung.de\/wp-content\/uploads\/2013\/09\/Neerpair-Schulweg-130x130.jpg 130w, https:\/\/www.urban-stiftung.de\/wp-content\/uploads\/2013\/09\/Neerpair-Schulweg-400x400.jpg 400w\" sizes=\"auto, (max-width: 300px) 100vw, 300px\" \/><\/a>\n\t\t\t<\/dt>\n\t\t\t\t<dd class='wp-caption-text gallery-caption' id='gallery-1-283'>\n\t\t\t\tSch\u00fcler\/innen\n\t\t\t\t<\/dd><\/dl><dl class='gallery-item'>\n\t\t\t<dt class='gallery-icon landscape'>\n\t\t\t\t<a href='https:\/\/www.urban-stiftung.de\/wp-content\/uploads\/2013\/09\/Neerpair-Kinder-mit-Wimpeln.jpg'><img loading=\"lazy\" decoding=\"async\" width=\"300\" height=\"300\" src=\"https:\/\/www.urban-stiftung.de\/wp-content\/uploads\/2013\/09\/Neerpair-Kinder-mit-Wimpeln-300x300.jpg\" class=\"attachment-thumbnail size-thumbnail\" alt=\"\" aria-describedby=\"gallery-1-281\" srcset=\"https:\/\/www.urban-stiftung.de\/wp-content\/uploads\/2013\/09\/Neerpair-Kinder-mit-Wimpeln-300x300.jpg 300w, https:\/\/www.urban-stiftung.de\/wp-content\/uploads\/2013\/09\/Neerpair-Kinder-mit-Wimpeln-150x150.jpg 150w, https:\/\/www.urban-stiftung.de\/wp-content\/uploads\/2013\/09\/Neerpair-Kinder-mit-Wimpeln-130x130.jpg 130w, https:\/\/www.urban-stiftung.de\/wp-content\/uploads\/2013\/09\/Neerpair-Kinder-mit-Wimpeln-400x400.jpg 400w\" sizes=\"auto, (max-width: 300px) 100vw, 300px\" \/><\/a>\n\t\t\t<\/dt>\n\t\t\t\t<dd class='wp-caption-text gallery-caption' id='gallery-1-281'>\n\t\t\t\tSch\u00fcler\/innen\n\t\t\t\t<\/dd><\/dl><dl class='gallery-item'>\n\t\t\t<dt class='gallery-icon landscape'>\n\t\t\t\t<a href='https:\/\/www.urban-stiftung.de\/wp-content\/uploads\/2013\/09\/Neerpair-Kinder-Empfangskommittee.jpg'><img loading=\"lazy\" decoding=\"async\" width=\"300\" height=\"300\" src=\"https:\/\/www.urban-stiftung.de\/wp-content\/uploads\/2013\/09\/Neerpair-Kinder-Empfangskommittee-300x300.jpg\" class=\"attachment-thumbnail size-thumbnail\" alt=\"\" aria-describedby=\"gallery-1-280\" srcset=\"https:\/\/www.urban-stiftung.de\/wp-content\/uploads\/2013\/09\/Neerpair-Kinder-Empfangskommittee-300x300.jpg 300w, https:\/\/www.urban-stiftung.de\/wp-content\/uploads\/2013\/09\/Neerpair-Kinder-Empfangskommittee-150x150.jpg 150w, https:\/\/www.urban-stiftung.de\/wp-content\/uploads\/2013\/09\/Neerpair-Kinder-Empfangskommittee-130x130.jpg 130w, https:\/\/www.urban-stiftung.de\/wp-content\/uploads\/2013\/09\/Neerpair-Kinder-Empfangskommittee-400x400.jpg 400w\" sizes=\"auto, (max-width: 300px) 100vw, 300px\" \/><\/a>\n\t\t\t<\/dt>\n\t\t\t\t<dd class='wp-caption-text gallery-caption' id='gallery-1-280'>\n\t\t\t\tSch\u00fcler\/innen\n\t\t\t\t<\/dd><\/dl><br style=\"clear: both\" \/><dl class='gallery-item'>\n\t\t\t<dt class='gallery-icon landscape'>\n\t\t\t\t<a href='https:\/\/www.urban-stiftung.de\/wp-content\/uploads\/2013\/09\/Neerpair-Publikum.jpg'><img loading=\"lazy\" decoding=\"async\" width=\"300\" height=\"300\" src=\"https:\/\/www.urban-stiftung.de\/wp-content\/uploads\/2013\/09\/Neerpair-Publikum-300x300.jpg\" class=\"attachment-thumbnail size-thumbnail\" alt=\"\" aria-describedby=\"gallery-1-282\" srcset=\"https:\/\/www.urban-stiftung.de\/wp-content\/uploads\/2013\/09\/Neerpair-Publikum-300x300.jpg 300w, https:\/\/www.urban-stiftung.de\/wp-content\/uploads\/2013\/09\/Neerpair-Publikum-150x150.jpg 150w, https:\/\/www.urban-stiftung.de\/wp-content\/uploads\/2013\/09\/Neerpair-Publikum-130x130.jpg 130w, https:\/\/www.urban-stiftung.de\/wp-content\/uploads\/2013\/09\/Neerpair-Publikum-400x400.jpg 400w\" sizes=\"auto, (max-width: 300px) 100vw, 300px\" \/><\/a>\n\t\t\t<\/dt>\n\t\t\t\t<dd class='wp-caption-text gallery-caption' id='gallery-1-282'>\n\t\t\t\tBischoff Dr Neethinathan\n\t\t\t\t<\/dd><\/dl><dl class='gallery-item'>\n\t\t\t<dt class='gallery-icon landscape'>\n\t\t\t\t<a href='https:\/\/www.urban-stiftung.de\/wp-content\/uploads\/2013\/09\/Neerpair-Stifter.jpg'><img loading=\"lazy\" decoding=\"async\" width=\"300\" height=\"300\" src=\"https:\/\/www.urban-stiftung.de\/wp-content\/uploads\/2013\/09\/Neerpair-Stifter-300x300.jpg\" class=\"attachment-thumbnail size-thumbnail\" alt=\"\" aria-describedby=\"gallery-1-284\" srcset=\"https:\/\/www.urban-stiftung.de\/wp-content\/uploads\/2013\/09\/Neerpair-Stifter-300x300.jpg 300w, https:\/\/www.urban-stiftung.de\/wp-content\/uploads\/2013\/09\/Neerpair-Stifter-150x150.jpg 150w, https:\/\/www.urban-stiftung.de\/wp-content\/uploads\/2013\/09\/Neerpair-Stifter-130x130.jpg 130w, https:\/\/www.urban-stiftung.de\/wp-content\/uploads\/2013\/09\/Neerpair-Stifter-400x400.jpg 400w\" sizes=\"auto, (max-width: 300px) 100vw, 300px\" \/><\/a>\n\t\t\t<\/dt>\n\t\t\t\t<dd class='wp-caption-text gallery-caption' id='gallery-1-284'>\n\t\t\t\tEhepaar Urban\n\t\t\t\t<\/dd><\/dl>\n\t\t\t<br style='clear: both' \/>\n\t\t<\/div>\n\n","protected":false},"excerpt":{"rendered":"<p>Die Dr. R. Arulappa Higher Secondary School befindet sich in Indien, im Dorf Neerpair, im S\u00fcden des Landes in der N\u00e4he von Madras. Sie wurde im Oktober 2004 eingeweiht. F\u00fcr die 31 Lehrer und Angestellten der Schule werden die laufenden Geh\u00e4lter bezahlt, wodurch etwa 1.200 Kinder aus einem Einzugsbereich von 73 D\u00f6rfern unterrichtet werden k\u00f6nnen&#8230;. <\/p>\n","protected":false},"author":3,"featured_media":0,"parent":8,"menu_order":10,"comment_status":"closed","ping_status":"closed","template":"","meta":{"footnotes":""},"class_list":["post-10","page","type-page","status-publish","hentry"],"_links":{"self":[{"href":"https:\/\/www.urban-stiftung.de\/index.php?rest_route=\/wp\/v2\/pages\/10","targetHints":{"allow":["GET"]}}],"collection":[{"href":"https:\/\/www.urban-stiftung.de\/index.php?rest_route=\/wp\/v2\/pages"}],"about":[{"href":"https:\/\/www.urban-stiftung.de\/index.php?rest_route=\/wp\/v2\/types\/page"}],"author":[{"embeddable":true,"href":"https:\/\/www.urban-stiftung.de\/index.php?rest_route=\/wp\/v2\/users\/3"}],"replies":[{"embeddable":true,"href":"https:\/\/www.urban-stiftung.de\/index.php?rest_route=%2Fwp%2Fv2%2Fcomments&post=10"}],"version-history":[{"count":18,"href":"https:\/\/www.urban-stiftung.de\/index.php?rest_route=\/wp\/v2\/pages\/10\/revisions"}],"predecessor-version":[{"id":488,"href":"https:\/\/www.urban-stiftung.de\/index.php?rest_route=\/wp\/v2\/pages\/10\/revisions\/488"}],"up":[{"embeddable":true,"href":"https:\/\/www.urban-stiftung.de\/index.php?rest_route=\/wp\/v2\/pages\/8"}],"wp:attachment":[{"href":"https:\/\/www.urban-stiftung.de\/index.php?rest_route=%2Fwp%2Fv2%2Fmedia&parent=10"}],"curies":[{"name":"wp","href":"https:\/\/api.w.org\/{rel}","templated":true}]}}